{"id":17,"date":"2025-07-28T10:37:47","date_gmt":"2025-07-28T13:37:47","guid":{"rendered":"https:\/\/inteligencianatural.com.br\/?page_id=17"},"modified":"2025-07-28T10:37:48","modified_gmt":"2025-07-28T13:37:48","slug":"inteligencia-natural-opcoes-naturais-para-viver-melhor-com-saude-consciencia-e-felicidade","status":"publish","type":"page","link":"https:\/\/inteligencianatural.com.br\/","title":{"rendered":"Intelig\u00eancia Natural &#8211; op\u00e7\u00f5es naturais para viver melhor, com sa\u00fade, consci\u00eancia e felicidade"},"content":{"rendered":"\n<p><strong>Este dom\u00ednio est\u00e1 \u00e0 venda.<\/strong><\/p>\n\n\n\n<p>Contate-me no WhatsApp (41) 99149-4032.<\/p>\n\n\n\n<p><a href=\"https:\/\/wa.me\/5541991494032\"><strong>Envie mensagem para meu WhatsApp<\/strong><\/a><\/p>\n\n\n\n<p><\/p>\n","protected":false},"excerpt":{"rendered":"<p>Este dom\u00ednio est\u00e1 \u00e0 venda. Contate-me no WhatsApp (41) 99149-4032. Envie mensagem para meu WhatsApp<\/p>\n","protected":false},"author":1,"featured_media":0,"parent":0,"menu_order":0,"comment_status":"closed","ping_status":"closed","template":"","meta":{"footnotes":""},"class_list":["post-17","page","type-page","status-publish","hentry"],"_links":{"self":[{"href":"https:\/\/inteligencianatural.com.br\/index.php?rest_route=\/wp\/v2\/pages\/17","targetHints":{"allow":["GET"]}}],"collection":[{"href":"https:\/\/inteligencianatural.com.br\/index.php?rest_route=\/wp\/v2\/pages"}],"about":[{"href":"https:\/\/inteligencianatural.com.br\/index.php?rest_route=\/wp\/v2\/types\/page"}],"author":[{"embeddable":true,"href":"https:\/\/inteligencianatural.com.br\/index.php?rest_route=\/wp\/v2\/users\/1"}],"replies":[{"embeddable":true,"href":"https:\/\/inteligencianatural.com.br\/index.php?rest_route=%2Fwp%2Fv2%2Fcomments&post=17"}],"version-history":[{"count":1,"href":"https:\/\/inteligencianatural.com.br\/index.php?rest_route=\/wp\/v2\/pages\/17\/revisions"}],"predecessor-version":[{"id":18,"href":"https:\/\/inteligencianatural.com.br\/index.php?rest_route=\/wp\/v2\/pages\/17\/revisions\/18"}],"wp:attachment":[{"href":"https:\/\/inteligencianatural.com.br\/index.php?rest_route=%2Fwp%2Fv2%2Fmedia&parent=17"}],"curies":[{"name":"wp","href":"https:\/\/api.w.org\/{rel}","templated":true}]}}